{"id":5874,"date":"2026-02-07T07:18:04","date_gmt":"2026-02-07T07:18:04","guid":{"rendered":"https:\/\/huitm.org\/hakkimizda\/"},"modified":"2026-03-27T05:57:53","modified_gmt":"2026-03-27T05:57:53","slug":"hakkimizda","status":"publish","type":"page","link":"https:\/\/huitm.org\/tr\/hakkimizda\/","title":{"rendered":"Hakk\u0131m\u0131zda"},"content":{"rendered":"\t\t<div data-elementor-type=\"wp-page\" data-elementor-id=\"5874\" class=\"elementor elementor-5874 elementor-17\" data-elementor-post-type=\"page\">\n\t\t\t\t<div class=\"elementor-element elementor-element-88df52a e-flex e-con-boxed e-con e-parent\" data-id=\"88df52a\" data-element_type=\"container\" data-e-type=\"container\" data-settings=\"{&quot;background_background&quot;:&quot;classic&quot;}\">\n\t\t\t\t\t<div class=\"e-con-inner\">\n\t\t\t\t<div class=\"elementor-element elementor-element-2273cb5 elementor-widget elementor-widget-heading\" data-id=\"2273cb5\" data-element_type=\"widget\" data-e-type=\"widget\" data-widget_type=\"heading.default\">\n\t\t\t\t\t<h2 class=\"elementor-heading-title elementor-size-default\">HUITM Hakk\u0131nda<\/h2>\t\t\t\t<\/div>\n\t\t\t\t<div class=\"elementor-element elementor-element-4dd36c9 elementor-widget elementor-widget-text-editor\" data-id=\"4dd36c9\" data-element_type=\"widget\" data-e-type=\"widget\" data-widget_type=\"text-editor.default\">\n\t\t\t\t\t\t\t\t\t<p>Uluslararas\u0131 pazarlarda anlaml\u0131 i\u015f ba\u011flant\u0131lar\u0131 kurmak i\u00e7in tasarlanm\u0131\u015f Umrah Plus fuarlar\u0131.<\/p><div> <\/div>\t\t\t\t\t\t\t\t<\/div>\n\t\t\t\t\t<\/div>\n\t\t\t\t<\/div>\n\t\t<div class=\"elementor-element elementor-element-13177cf e-con-full e-flex e-con e-parent\" data-id=\"13177cf\" data-element_type=\"container\" data-e-type=\"container\" data-settings=\"{&quot;background_background&quot;:&quot;classic&quot;}\">\n\t\t<div class=\"elementor-element elementor-element-cc72f6b e-flex e-con-boxed e-con e-child\" data-id=\"cc72f6b\" data-element_type=\"container\" data-e-type=\"container\">\n\t\t\t\t\t<div class=\"e-con-inner\">\n\t\t\t\t<div class=\"elementor-element elementor-element-06cf955 elementor-widget elementor-widget-heading\" data-id=\"06cf955\" data-element_type=\"widget\" data-e-type=\"widget\" data-widget_type=\"heading.default\">\n\t\t\t\t\t<h3 class=\"elementor-heading-title elementor-size-default\">Biz Kimiz\n<div><br><\/div><\/h3>\t\t\t\t<\/div>\n\t\t\t\t<div class=\"elementor-element elementor-element-8637429 elementor-widget elementor-widget-text-editor\" data-id=\"8637429\" data-element_type=\"widget\" data-e-type=\"widget\" data-widget_type=\"text-editor.default\">\n\t\t\t\t\t\t\t\t\t<p>HUITM, Umrah Plus odakl\u0131 ticari etkinliklerde uzmanla\u015fm\u0131\u015f uluslararas\u0131 bir fuar organizat\u00f6r\u00fcd\u00fcr.<\/p><p>\u00d6nde gelen hizmet sa\u011flay\u0131c\u0131lar\u0131, seyahat operat\u00f6rleri, konaklama gruplar\u0131 ve stratejik i\u015f ortaklar\u0131n\u0131 tek bir k\u00fcresel platform alt\u0131nda bir araya getiriyoruz.<\/p><p>Fuarlar\u0131m\u0131z, uluslararas\u0131 pazarlarda \u00f6l\u00e7\u00fclebilir i\u015f de\u011feri olu\u015fturmak, yap\u0131land\u0131r\u0131lm\u0131\u015f networking f\u0131rsatlar\u0131 sunmak ve uzun vadeli i\u015f ortakl\u0131klar\u0131 geli\u015ftirmek amac\u0131yla tasarlanm\u0131\u015ft\u0131r.<\/p><div> <\/div>\t\t\t\t\t\t\t\t<\/div>\n\t\t\t\t\t<\/div>\n\t\t\t\t<\/div>\n\t\t\t\t<\/div>\n\t\t<div class=\"elementor-element elementor-element-3573242 e-flex e-con-boxed e-con e-parent\" data-id=\"3573242\" data-element_type=\"container\" data-e-type=\"container\" data-settings=\"{&quot;background_background&quot;:&quot;classic&quot;}\">\n\t\t\t\t\t<div class=\"e-con-inner\">\n\t\t<div class=\"elementor-element elementor-element-54b7775 e-con-full e-flex e-con e-child\" data-id=\"54b7775\" data-element_type=\"container\" data-e-type=\"container\">\n\t\t<div class=\"elementor-element elementor-element-d8d4151 e-con-full e-flex e-con e-child\" data-id=\"d8d4151\" data-element_type=\"container\" data-e-type=\"container\">\n\t\t\t\t<div class=\"elementor-element elementor-element-0bba05f elementor-widget elementor-widget-heading\" data-id=\"0bba05f\" data-element_type=\"widget\" data-e-type=\"widget\" data-widget_type=\"heading.default\">\n\t\t\t\t\t<h3 class=\"elementor-heading-title elementor-size-default\">Neden HUITM<\/h3>\t\t\t\t<\/div>\n\t\t\t\t<div class=\"elementor-element elementor-element-71aa4b5 elementor-widget elementor-widget-text-editor\" data-id=\"71aa4b5\" data-element_type=\"widget\" data-e-type=\"widget\" data-widget_type=\"text-editor.default\">\n\t\t\t\t\t\t\t\t\t<p>Umrah Plus fuarlar\u0131n\u0131; profesyonellik, kat\u0131l\u0131mc\u0131 kalitesi ve operasyonel m\u00fckemmeliyet oda\u011f\u0131yla organize ediyoruz.<\/p><div> <\/div>\t\t\t\t\t\t\t\t<\/div>\n\t\t\t\t<\/div>\n\t\t<div class=\"elementor-element elementor-element-c1c13b2 e-con-full e-flex e-con e-child\" data-id=\"c1c13b2\" data-element_type=\"container\" data-e-type=\"container\">\n\t\t\t\t<div class=\"elementor-element elementor-element-448af1f elementor-widget elementor-widget-heading\" data-id=\"448af1f\" data-element_type=\"widget\" data-e-type=\"widget\" data-widget_type=\"heading.default\">\n\t\t\t\t\t<h5 class=\"elementor-heading-title elementor-size-default\">Fuarlar\u0131m\u0131z\u0131 farkl\u0131 k\u0131lan nedir\n<div><br><\/div><\/h5>\t\t\t\t<\/div>\n\t\t\t\t<div class=\"elementor-element elementor-element-7cdf104 elementor-widget elementor-widget-text-editor\" data-id=\"7cdf104\" data-element_type=\"widget\" data-e-type=\"widget\" data-widget_type=\"text-editor.default\">\n\t\t\t\t\t\t\t\t\t<p>\u2022 Yap\u0131land\u0131r\u0131lm\u0131\u015f uluslararas\u0131 etkinlik formatlar\u0131 ve net kat\u0131l\u0131m \u00e7er\u00e7eveleri <\/p><p>\u2022 \u00dcst d\u00fczey i\u015f a\u011f\u0131 olu\u015fturma ve \u00f6zenle se\u00e7ilmi\u015f sekt\u00f6r varl\u0131\u011f\u0131 <\/p><p>\u2022 VIP d\u00fczeyinde a\u011f\u0131rlama deste\u011fi ve yerinde koordinasyon <\/p><p>\u2022 G\u00fc\u00e7l\u00fc mekan, lojistik ve kat\u0131l\u0131mc\u0131 deneyimi standartlar\u0131 <\/p><p>\u2022 Anahtar pazarlarda \u00e7ok \u00fclkeli operasyonel yetenek<\/p><div> <\/div>\t\t\t\t\t\t\t\t<\/div>\n\t\t\t\t<\/div>\n\t\t\t\t<\/div>\n\t\t\t\t\t<\/div>\n\t\t\t\t<\/div>\n\t\t<div class=\"elementor-element elementor-element-06a7dab e-con-full e-flex e-con e-parent\" data-id=\"06a7dab\" data-element_type=\"container\" data-e-type=\"container\" data-settings=\"{&quot;background_background&quot;:&quot;classic&quot;}\">\n\t\t\t\t<div class=\"elementor-element elementor-element-a0e7a89 elementor-widget elementor-widget-heading\" data-id=\"a0e7a89\" data-element_type=\"widget\" data-e-type=\"widget\" data-widget_type=\"heading.default\">\n\t\t\t\t\t<h2 class=\"elementor-heading-title elementor-size-default\">K\u00fcresel Vizyon<\/h2>\t\t\t\t<\/div>\n\t\t\t\t<div class=\"elementor-element elementor-element-cbb7534 elementor-widget elementor-widget-text-editor\" data-id=\"cbb7534\" data-element_type=\"widget\" data-e-type=\"widget\" data-widget_type=\"text-editor.default\">\n\t\t\t\t\t\t\t\t\t<p>Vizyonumuz, Umre Plus fuarlar\u0131n\u0131 stratejik uluslararas\u0131 i\u015f platformlar\u0131 olarak konumland\u0131rarak b\u00f6lgeler aras\u0131 ticari k\u00f6pr\u00fcleri g\u00fc\u00e7lendirmek ve organizasyonel m\u00fckemmellik yoluyla sekt\u00f6r standartlar\u0131n\u0131 y\u00fckseltmektir.<\/p><div> <\/div>\t\t\t\t\t\t\t\t<\/div>\n\t\t\t\t<\/div>\n\t\t\t\t<\/div>\n\t\t","protected":false},"excerpt":{"rendered":"<p>HUITM Hakk\u0131nda Uluslararas\u0131 pazarlarda anlaml\u0131 i\u015f ba\u011flant\u0131lar\u0131 kurmak i\u00e7in tasarlanm\u0131\u015f Umrah Plus fuarlar\u0131. Biz Kimiz HUITM, Umrah Plus odakl\u0131 ticari [&hellip;]<\/p>\n","protected":false},"author":1,"featured_media":0,"parent":0,"menu_order":0,"comment_status":"closed","ping_status":"closed","template":"elementor_header_footer","meta":{"site-sidebar-layout":"no-sidebar","site-content-layout":"","ast-site-content-layout":"full-width-container","site-content-style":"default","site-sidebar-style":"default","ast-global-header-display":"","ast-banner-title-visibility":"","ast-main-header-display":"","ast-hfb-above-header-display":"","ast-hfb-below-header-display":"","ast-hfb-mobile-header-display":"","site-post-title":"disabled","ast-breadcrumbs-content":"","ast-featured-img":"disabled","footer-sml-layout":"","ast-disable-related-posts":"","theme-transparent-header-meta":"","adv-header-id-meta":"","stick-header-meta":"","header-above-stick-meta":"","header-main-stick-meta":"","header-below-stick-meta":"","astra-migrate-meta-layouts":"default","ast-page-background-enabled":"default","ast-page-background-meta":{"desktop":{"background-color":"var(--ast-global-color-5)","background-image":"","background-repeat":"repeat","background-position":"center center","background-size":"auto","background-attachment":"scroll","background-type":"","background-media":"","overlay-type":"","overlay-color":"","overlay-opacity":"","overlay-gradient":""},"tablet":{"background-color":"","background-image":"","background-repeat":"repeat","background-position":"center center","background-size":"auto","background-attachment":"scroll","background-type":"","background-media":"","overlay-type":"","overlay-color":"","overlay-opacity":"","overlay-gradient":""},"mobile":{"background-color":"","background-image":"","background-repeat":"repeat","background-position":"center center","background-size":"auto","background-attachment":"scroll","background-type":"","background-media":"","overlay-type":"","overlay-color":"","overlay-opacity":"","overlay-gradient":""}},"ast-content-background-meta":{"desktop":{"background-color":"var(--ast-global-color-4)","background-image":"","background-repeat":"repeat","background-position":"center center","background-size":"auto","background-attachment":"scroll","background-type":"","background-media":"","overlay-type":"","overlay-color":"","overlay-opacity":"","overlay-gradient":""},"tablet":{"background-color":"var(--ast-global-color-4)","background-image":"","background-repeat":"repeat","background-position":"center center","background-size":"auto","background-attachment":"scroll","background-type":"","background-media":"","overlay-type":"","overlay-color":"","overlay-opacity":"","overlay-gradient":""},"mobile":{"background-color":"var(--ast-global-color-4)","background-image":"","background-repeat":"repeat","background-position":"center center","background-size":"auto","background-attachment":"scroll","background-type":"","background-media":"","overlay-type":"","overlay-color":"","overlay-opacity":"","overlay-gradient":""}},"footnotes":""},"class_list":["post-5874","page","type-page","status-publish","hentry"],"_hostinger_reach_plugin_has_subscription_block":false,"_hostinger_reach_plugin_is_elementor":false,"_links":{"self":[{"href":"https:\/\/huitm.org\/tr\/wp-json\/wp\/v2\/pages\/5874","targetHints":{"allow":["GET"]}}],"collection":[{"href":"https:\/\/huitm.org\/tr\/wp-json\/wp\/v2\/pages"}],"about":[{"href":"https:\/\/huitm.org\/tr\/wp-json\/wp\/v2\/types\/page"}],"author":[{"embeddable":true,"href":"https:\/\/huitm.org\/tr\/wp-json\/wp\/v2\/users\/1"}],"replies":[{"embeddable":true,"href":"https:\/\/huitm.org\/tr\/wp-json\/wp\/v2\/comments?post=5874"}],"version-history":[{"count":1,"href":"https:\/\/huitm.org\/tr\/wp-json\/wp\/v2\/pages\/5874\/revisions"}],"predecessor-version":[{"id":5875,"href":"https:\/\/huitm.org\/tr\/wp-json\/wp\/v2\/pages\/5874\/revisions\/5875"}],"wp:attachment":[{"href":"https:\/\/huitm.org\/tr\/wp-json\/wp\/v2\/media?parent=5874"}],"curies":[{"name":"wp","href":"https:\/\/api.w.org\/{rel}","templated":true}]}}