{"id":5802,"date":"2026-02-22T16:21:55","date_gmt":"2026-02-22T16:21:55","guid":{"rendered":"https:\/\/huitm.org\/medya-ve-basin\/"},"modified":"2026-03-27T06:02:29","modified_gmt":"2026-03-27T06:02:29","slug":"medya-ve-basin","status":"publish","type":"page","link":"https:\/\/huitm.org\/tr\/medya-ve-basin\/","title":{"rendered":"Medya ve Bas\u0131n"},"content":{"rendered":"\t\t<div data-elementor-type=\"wp-page\" data-elementor-id=\"5802\" class=\"elementor elementor-5802 elementor-848\" data-elementor-post-type=\"page\">\n\t\t\t\t<div class=\"elementor-element elementor-element-3a02ac6 e-flex e-con-boxed e-con e-parent\" data-id=\"3a02ac6\" data-element_type=\"container\" data-e-type=\"container\" data-settings=\"{&quot;background_background&quot;:&quot;classic&quot;}\">\n\t\t\t\t\t<div class=\"e-con-inner\">\n\t\t\t\t<div class=\"elementor-element elementor-element-4a619ec elementor-widget elementor-widget-heading\" data-id=\"4a619ec\" data-element_type=\"widget\" data-e-type=\"widget\" data-widget_type=\"heading.default\">\n\t\t\t\t\t<h1 class=\"elementor-heading-title elementor-size-default\">Medya ve Bas\u0131n<\/h1>\t\t\t\t<\/div>\n\t\t\t\t<div class=\"elementor-element elementor-element-110358f elementor-widget__width-initial elementor-widget elementor-widget-text-editor\" data-id=\"110358f\" data-element_type=\"widget\" data-e-type=\"widget\" data-widget_type=\"text-editor.default\">\n\t\t\t\t\t\t\t\t\t<p>D\u00fcnya genelindeki Umrah Plus fuarlar\u0131ndan medya g\u00f6r\u00fcn\u00fcmlerimizi, r\u00f6portajlar\u0131m\u0131z\u0131 ve \u00f6ne \u00e7\u0131kanlar\u0131 inceleyin.<\/p>\t\t\t\t\t\t\t\t<\/div>\n\t\t\t\t<div class=\"elementor-element elementor-element-b5d6ade elementor-widget elementor-widget-button\" data-id=\"b5d6ade\" data-element_type=\"widget\" data-e-type=\"widget\" data-widget_type=\"button.default\">\n\t\t\t\t\t\t\t\t\t\t<a class=\"elementor-button elementor-button-link elementor-size-sm\" href=\"#media-video\">\n\t\t\t\t\t\t<span class=\"elementor-button-content-wrapper\">\n\t\t\t\t\t\t\t\t\t<span class=\"elementor-button-text\">\u00d6ne \u00c7\u0131kanlar\u0131 G\u00f6r\u00fcnt\u00fcle<\/span>\n\t\t\t\t\t<\/span>\n\t\t\t\t\t<\/a>\n\t\t\t\t\t\t\t\t<\/div>\n\t\t\t\t\t<\/div>\n\t\t\t\t<\/div>\n\t\t<div class=\"elementor-element elementor-element-305d6a8 e-flex e-con-boxed e-con e-parent\" data-id=\"305d6a8\" data-element_type=\"container\" data-e-type=\"container\">\n\t\t\t\t\t<div class=\"e-con-inner\">\n\t\t\t\t<div class=\"elementor-element elementor-element-f7cf4ff elementor-widget elementor-widget-menu-anchor\" data-id=\"f7cf4ff\" data-element_type=\"widget\" data-e-type=\"widget\" data-widget_type=\"menu-anchor.default\">\n\t\t\t\t\t\t\t<div class=\"elementor-menu-anchor\" id=\"media-video\"><\/div>\n\t\t\t\t\t\t<\/div>\n\t\t\t\t<div class=\"elementor-element elementor-element-50d777c elementor-widget elementor-widget-heading\" data-id=\"50d777c\" data-element_type=\"widget\" data-e-type=\"widget\" data-widget_type=\"heading.default\">\n\t\t\t\t\t<h2 class=\"elementor-heading-title elementor-size-default\">\u00d6ne \u00c7\u0131kan G\u00f6r\u00fcn\u00fcmler<\/h2>\t\t\t\t<\/div>\n\t\t\t\t<div class=\"elementor-element elementor-element-bb68da8 elementor-widget elementor-widget-text-editor\" data-id=\"bb68da8\" data-element_type=\"widget\" data-e-type=\"widget\" data-widget_type=\"text-editor.default\">\n\t\t\t\t\t\t\t\t\t<p>Televizyon yay\u0131nlar\u0131ndan, r\u00f6portajlardan ve uluslararas\u0131 haberlerden se\u00e7ilmi\u015f anlar.<\/p>\t\t\t\t\t\t\t\t<\/div>\n\t\t\t\t\t<\/div>\n\t\t\t\t<\/div>\n\t\t<div class=\"elementor-element elementor-element-a683d23 e-flex e-con-boxed e-con e-parent\" data-id=\"a683d23\" data-element_type=\"container\" data-e-type=\"container\">\n\t\t\t\t\t<div class=\"e-con-inner\">\n\t\t<div class=\"elementor-element elementor-element-a942e93 e-con-full e-flex e-con e-child\" data-id=\"a942e93\" data-element_type=\"container\" data-e-type=\"container\">\n\t\t\t\t<div class=\"elementor-element elementor-element-da3a204 elementor-widget elementor-widget-heading\" data-id=\"da3a204\" data-element_type=\"widget\" data-e-type=\"widget\" data-widget_type=\"heading.default\">\n\t\t\t\t\t<h1 class=\"elementor-heading-title elementor-size-default\">HUITM Umrah Plus Fuar\u0131 - Endonezya Bas\u0131n\u0131 2026<\/h1>\t\t\t\t<\/div>\n\t\t\t\t<div class=\"elementor-element elementor-element-028b7f4 elementor-widget elementor-widget-video\" data-id=\"028b7f4\" data-element_type=\"widget\" data-e-type=\"widget\" data-settings=\"{&quot;youtube_url&quot;:&quot;https:\\\/\\\/youtu.be\\\/CvtK-GmyZtw&quot;,&quot;video_type&quot;:&quot;youtube&quot;,&quot;controls&quot;:&quot;yes&quot;}\" data-widget_type=\"video.default\">\n\t\t\t\t\t\t\t<div class=\"elementor-wrapper elementor-open-inline\">\n\t\t\t<div class=\"elementor-video\"><\/div>\t\t<\/div>\n\t\t\t\t\t\t<\/div>\n\t\t\t\t<div class=\"elementor-element elementor-element-0d7216e elementor-widget elementor-widget-text-editor\" data-id=\"0d7216e\" data-element_type=\"widget\" data-e-type=\"widget\" data-widget_type=\"text-editor.default\">\n\t\t\t\t\t\t\t\t\t<p>HUITM Umrah Plus Fuar\u0131 \u2013 Cakarta (Cikini) Endonezya Resmi Bas\u0131n Toplant\u0131s\u0131<\/p><p>CNN Endonezya<\/p>\t\t\t\t\t\t\t\t<\/div>\n\t\t\t\t<\/div>\n\t\t<div class=\"elementor-element elementor-element-b8a7d9a e-con-full e-flex e-con e-child\" data-id=\"b8a7d9a\" data-element_type=\"container\" data-e-type=\"container\">\n\t\t\t\t<div class=\"elementor-element elementor-element-d451b1a elementor-widget elementor-widget-heading\" data-id=\"d451b1a\" data-element_type=\"widget\" data-e-type=\"widget\" data-widget_type=\"heading.default\">\n\t\t\t\t\t<h1 class=\"elementor-heading-title elementor-size-default\">HUITM Umrah Plus Fuar\u0131 - Endonezya Bas\u0131n\u0131 2026<\/h1>\t\t\t\t<\/div>\n\t\t\t\t<div class=\"elementor-element elementor-element-4920fa1 elementor-widget elementor-widget-video\" data-id=\"4920fa1\" data-element_type=\"widget\" data-e-type=\"widget\" data-settings=\"{&quot;youtube_url&quot;:&quot;https:\\\/\\\/youtu.be\\\/XDSPRBhcUXI&quot;,&quot;video_type&quot;:&quot;youtube&quot;,&quot;controls&quot;:&quot;yes&quot;}\" data-widget_type=\"video.default\">\n\t\t\t\t\t\t\t<div class=\"elementor-wrapper elementor-open-inline\">\n\t\t\t<div class=\"elementor-video\"><\/div>\t\t<\/div>\n\t\t\t\t\t\t<\/div>\n\t\t\t\t<div class=\"elementor-element elementor-element-a20a826 elementor-widget elementor-widget-text-editor\" data-id=\"a20a826\" data-element_type=\"widget\" data-e-type=\"widget\" data-widget_type=\"text-editor.default\">\n\t\t\t\t\t\t\t\t\t<p>HUITM Umrah Plus Fuar\u0131 \u2013 Cakarta (Cikini) Endonezya Resmi Bas\u0131n Toplant\u0131s\u0131<\/p><p>Garuda TV<\/p>\t\t\t\t\t\t\t\t<\/div>\n\t\t\t\t<\/div>\n\t\t<div class=\"elementor-element elementor-element-504504d e-con-full e-flex e-con e-child\" data-id=\"504504d\" data-element_type=\"container\" data-e-type=\"container\">\n\t\t\t\t<div class=\"elementor-element elementor-element-90ae96c elementor-widget elementor-widget-heading\" data-id=\"90ae96c\" data-element_type=\"widget\" data-e-type=\"widget\" data-widget_type=\"heading.default\">\n\t\t\t\t\t<h1 class=\"elementor-heading-title elementor-size-default\">HUITM Umrah Plus Fuar\u0131 - Endonezya Bas\u0131n\u0131 2026<\/h1>\t\t\t\t<\/div>\n\t\t\t\t<div class=\"elementor-element elementor-element-ceb4852 elementor-widget elementor-widget-video\" data-id=\"ceb4852\" data-element_type=\"widget\" data-e-type=\"widget\" data-settings=\"{&quot;youtube_url&quot;:&quot;https:\\\/\\\/youtu.be\\\/qerby0jaogI&quot;,&quot;video_type&quot;:&quot;youtube&quot;,&quot;controls&quot;:&quot;yes&quot;}\" data-widget_type=\"video.default\">\n\t\t\t\t\t\t\t<div class=\"elementor-wrapper elementor-open-inline\">\n\t\t\t<div class=\"elementor-video\"><\/div>\t\t<\/div>\n\t\t\t\t\t\t<\/div>\n\t\t\t\t<div class=\"elementor-element elementor-element-1b92dc4 elementor-widget elementor-widget-text-editor\" data-id=\"1b92dc4\" data-element_type=\"widget\" data-e-type=\"widget\" data-widget_type=\"text-editor.default\">\n\t\t\t\t\t\t\t\t\t<p>HUITM Umrah Plus Fuar\u0131 \u2013 Cakarta (Cikini) Endonezya Resmi Bas\u0131n Toplant\u0131s\u0131<\/p><p>DMI TV<\/p>\t\t\t\t\t\t\t\t<\/div>\n\t\t\t\t<\/div>\n\t\t<div class=\"elementor-element elementor-element-2ad7cfd e-con-full e-flex e-con e-child\" data-id=\"2ad7cfd\" data-element_type=\"container\" data-e-type=\"container\">\n\t\t\t\t<div class=\"elementor-element elementor-element-a4743de elementor-widget elementor-widget-heading\" data-id=\"a4743de\" data-element_type=\"widget\" data-e-type=\"widget\" data-widget_type=\"heading.default\">\n\t\t\t\t\t<h1 class=\"elementor-heading-title elementor-size-default\">HUITM Umrah Plus Fuar\u0131 \u2013 Malezya Bas\u0131n\u0131 2026<\/h1>\t\t\t\t<\/div>\n\t\t\t\t<div class=\"elementor-element elementor-element-4473798 elementor-widget elementor-widget-video\" data-id=\"4473798\" data-element_type=\"widget\" data-e-type=\"widget\" data-settings=\"{&quot;youtube_url&quot;:&quot;https:\\\/\\\/youtu.be\\\/Mn4bVk1SrOs&quot;,&quot;video_type&quot;:&quot;youtube&quot;,&quot;controls&quot;:&quot;yes&quot;}\" data-widget_type=\"video.default\">\n\t\t\t\t\t\t\t<div class=\"elementor-wrapper elementor-open-inline\">\n\t\t\t<div class=\"elementor-video\"><\/div>\t\t<\/div>\n\t\t\t\t\t\t<\/div>\n\t\t\t\t<div class=\"elementor-element elementor-element-8c05b41 elementor-widget elementor-widget-text-editor\" data-id=\"8c05b41\" data-element_type=\"widget\" data-e-type=\"widget\" data-widget_type=\"text-editor.default\">\n\t\t\t\t\t\t\t\t\t<p>HUITM Umrah Plus Fuar\u0131 \u2013 Kuala Lumpur Malezya Resmi Bas\u0131n Toplant\u0131s\u0131<\/p><p>Bernama Global<\/p>\t\t\t\t\t\t\t\t<\/div>\n\t\t\t\t<\/div>\n\t\t<div class=\"elementor-element elementor-element-24aa9e8 e-con-full e-flex e-con e-child\" data-id=\"24aa9e8\" data-element_type=\"container\" data-e-type=\"container\">\n\t\t\t\t<div class=\"elementor-element elementor-element-4ac9b30 elementor-widget elementor-widget-heading\" data-id=\"4ac9b30\" data-element_type=\"widget\" data-e-type=\"widget\" data-widget_type=\"heading.default\">\n\t\t\t\t\t<h1 class=\"elementor-heading-title elementor-size-default\">HUITM Umrah Plus Fuar\u0131 \u2013 2019 \u0130stanbul Umrah Plus Fuar\u0131<\/h1>\t\t\t\t<\/div>\n\t\t\t\t<div class=\"elementor-element elementor-element-c3a74eb elementor-widget elementor-widget-video\" data-id=\"c3a74eb\" data-element_type=\"widget\" data-e-type=\"widget\" data-settings=\"{&quot;youtube_url&quot;:&quot;https:\\\/\\\/youtu.be\\\/VjHVXcqxKek&quot;,&quot;video_type&quot;:&quot;youtube&quot;,&quot;controls&quot;:&quot;yes&quot;}\" data-widget_type=\"video.default\">\n\t\t\t\t\t\t\t<div class=\"elementor-wrapper elementor-open-inline\">\n\t\t\t<div class=\"elementor-video\"><\/div>\t\t<\/div>\n\t\t\t\t\t\t<\/div>\n\t\t\t\t<div class=\"elementor-element elementor-element-6c02196 elementor-widget elementor-widget-text-editor\" data-id=\"6c02196\" data-element_type=\"widget\" data-e-type=\"widget\" data-widget_type=\"text-editor.default\">\n\t\t\t\t\t\t\t\t\t<p>2019 Umrah Plus Fuar\u0131, L\u00fctfi K\u0131rdar Kongre ve Sergi Saray\u0131&#8217;nda d\u00fczenlendi. Fuar Organizat\u00f6r\u00fcm\u00fcz Say\u0131n Hakan \u015eahin ile r\u00f6portaj <\/p>\t\t\t\t\t\t\t\t<\/div>\n\t\t\t\t<\/div>\n\t\t<div class=\"elementor-element elementor-element-48c7d11 e-con-full e-flex e-con e-child\" data-id=\"48c7d11\" data-element_type=\"container\" data-e-type=\"container\">\n\t\t\t\t<div class=\"elementor-element elementor-element-7334fdc elementor-widget elementor-widget-heading\" data-id=\"7334fdc\" data-element_type=\"widget\" data-e-type=\"widget\" data-widget_type=\"heading.default\">\n\t\t\t\t\t<h1 class=\"elementor-heading-title elementor-size-default\">HUITM Umrah Plus Fuar\u0131 \u2013 2024 \u00d6zbekistan Ta\u015fkent Fuar\u0131 <\/h1>\t\t\t\t<\/div>\n\t\t\t\t<div class=\"elementor-element elementor-element-9f1e431 elementor-widget elementor-widget-video\" data-id=\"9f1e431\" data-element_type=\"widget\" data-e-type=\"widget\" data-settings=\"{&quot;youtube_url&quot;:&quot;https:\\\/\\\/youtu.be\\\/CDiurCGEl6Q&quot;,&quot;video_type&quot;:&quot;youtube&quot;,&quot;controls&quot;:&quot;yes&quot;}\" data-widget_type=\"video.default\">\n\t\t\t\t\t\t\t<div class=\"elementor-wrapper elementor-open-inline\">\n\t\t\t<div class=\"elementor-video\"><\/div>\t\t<\/div>\n\t\t\t\t\t\t<\/div>\n\t\t\t\t<div class=\"elementor-element elementor-element-1592102 elementor-widget elementor-widget-text-editor\" data-id=\"1592102\" data-element_type=\"widget\" data-e-type=\"widget\" data-widget_type=\"text-editor.default\">\n\t\t\t\t\t\t\t\t\t<p>HUITM Umrah Plus Fuar\u0131 \u2013 Hyatt Regency Ta\u015fkent \u00d6zbekistan 2024 <\/p><p>UZA<\/p>\t\t\t\t\t\t\t\t<\/div>\n\t\t\t\t<\/div>\n\t\t<div class=\"elementor-element elementor-element-cc4a97b e-con-full e-flex e-con e-child\" data-id=\"cc4a97b\" data-element_type=\"container\" data-e-type=\"container\">\n\t\t\t\t<div class=\"elementor-element elementor-element-a578635 elementor-widget elementor-widget-heading\" data-id=\"a578635\" data-element_type=\"widget\" data-e-type=\"widget\" data-widget_type=\"heading.default\">\n\t\t\t\t\t<h1 class=\"elementor-heading-title elementor-size-default\">HUITM Umrah Plus Fuar\u0131 \u2013 2024 \u00d6zbekistan Ta\u015fkent Fuar\u0131 <\/h1>\t\t\t\t<\/div>\n\t\t\t\t<div class=\"elementor-element elementor-element-120db29 elementor-widget elementor-widget-video\" data-id=\"120db29\" data-element_type=\"widget\" data-e-type=\"widget\" data-settings=\"{&quot;youtube_url&quot;:&quot;https:\\\/\\\/youtu.be\\\/i8WUVDKDcC0&quot;,&quot;video_type&quot;:&quot;youtube&quot;,&quot;controls&quot;:&quot;yes&quot;}\" data-widget_type=\"video.default\">\n\t\t\t\t\t\t\t<div class=\"elementor-wrapper elementor-open-inline\">\n\t\t\t<div class=\"elementor-video\"><\/div>\t\t<\/div>\n\t\t\t\t\t\t<\/div>\n\t\t\t\t<div class=\"elementor-element elementor-element-b751c73 elementor-widget elementor-widget-text-editor\" data-id=\"b751c73\" data-element_type=\"widget\" data-e-type=\"widget\" data-widget_type=\"text-editor.default\">\n\t\t\t\t\t\t\t\t\t<p>HUITM Umrah Plus Fuar\u0131 \u2013<\/p>\n<p>Hyatt Regency Ta\u015fkent \u00d6zbekistan Fuar\u0131 2024<\/p>\n<p>O&#8217;zbekiston 24<\/p>\t\t\t\t\t\t\t\t<\/div>\n\t\t\t\t<\/div>\n\t\t\t\t\t<\/div>\n\t\t\t\t<\/div>\n\t\t\t\t<\/div>\n\t\t","protected":false},"excerpt":{"rendered":"<p>Medya ve Bas\u0131n D\u00fcnya genelindeki Umrah Plus fuarlar\u0131ndan medya g\u00f6r\u00fcn\u00fcmlerimizi, r\u00f6portajlar\u0131m\u0131z\u0131 ve \u00f6ne \u00e7\u0131kanlar\u0131 inceleyin. \u00d6ne \u00c7\u0131kanlar\u0131 G\u00f6r\u00fcnt\u00fcle \u00d6ne \u00c7\u0131kan [&hellip;]<\/p>\n","protected":false},"author":1,"featured_media":0,"parent":0,"menu_order":0,"comment_status":"closed","ping_status":"closed","template":"elementor_header_footer","meta":{"site-sidebar-layout":"no-sidebar","site-content-layout":"","ast-site-content-layout":"full-width-container","site-content-style":"default","site-sidebar-style":"default","ast-global-header-display":"","ast-banner-title-visibility":"","ast-main-header-display":"","ast-hfb-above-header-display":"","ast-hfb-below-header-display":"","ast-hfb-mobile-header-display":"","site-post-title":"disabled","ast-breadcrumbs-content":"","ast-featured-img":"disabled","footer-sml-layout":"","ast-disable-related-posts":"","theme-transparent-header-meta":"","adv-header-id-meta":"","stick-header-meta":"","header-above-stick-meta":"","header-main-stick-meta":"","header-below-stick-meta":"","astra-migrate-meta-layouts":"default","ast-page-background-enabled":"default","ast-page-background-meta":{"desktop":{"background-color":"var(--ast-global-color-5)","background-image":"","background-repeat":"repeat","background-position":"center center","background-size":"auto","background-attachment":"scroll","background-type":"","background-media":"","overlay-type":"","overlay-color":"","overlay-opacity":"","overlay-gradient":""},"tablet":{"background-color":"","background-image":"","background-repeat":"repeat","background-position":"center center","background-size":"auto","background-attachment":"scroll","background-type":"","background-media":"","overlay-type":"","overlay-color":"","overlay-opacity":"","overlay-gradient":""},"mobile":{"background-color":"","background-image":"","background-repeat":"repeat","background-position":"center center","background-size":"auto","background-attachment":"scroll","background-type":"","background-media":"","overlay-type":"","overlay-color":"","overlay-opacity":"","overlay-gradient":""}},"ast-content-background-meta":{"desktop":{"background-color":"var(--ast-global-color-4)","background-image":"","background-repeat":"repeat","background-position":"center center","background-size":"auto","background-attachment":"scroll","background-type":"","background-media":"","overlay-type":"","overlay-color":"","overlay-opacity":"","overlay-gradient":""},"tablet":{"background-color":"var(--ast-global-color-4)","background-image":"","background-repeat":"repeat","background-position":"center center","background-size":"auto","background-attachment":"scroll","background-type":"","background-media":"","overlay-type":"","overlay-color":"","overlay-opacity":"","overlay-gradient":""},"mobile":{"background-color":"var(--ast-global-color-4)","background-image":"","background-repeat":"repeat","background-position":"center center","background-size":"auto","background-attachment":"scroll","background-type":"","background-media":"","overlay-type":"","overlay-color":"","overlay-opacity":"","overlay-gradient":""}},"footnotes":""},"class_list":["post-5802","page","type-page","status-publish","hentry"],"_hostinger_reach_plugin_has_subscription_block":false,"_hostinger_reach_plugin_is_elementor":false,"_links":{"self":[{"href":"https:\/\/huitm.org\/tr\/wp-json\/wp\/v2\/pages\/5802","targetHints":{"allow":["GET"]}}],"collection":[{"href":"https:\/\/huitm.org\/tr\/wp-json\/wp\/v2\/pages"}],"about":[{"href":"https:\/\/huitm.org\/tr\/wp-json\/wp\/v2\/types\/page"}],"author":[{"embeddable":true,"href":"https:\/\/huitm.org\/tr\/wp-json\/wp\/v2\/users\/1"}],"replies":[{"embeddable":true,"href":"https:\/\/huitm.org\/tr\/wp-json\/wp\/v2\/comments?post=5802"}],"version-history":[{"count":2,"href":"https:\/\/huitm.org\/tr\/wp-json\/wp\/v2\/pages\/5802\/revisions"}],"predecessor-version":[{"id":5901,"href":"https:\/\/huitm.org\/tr\/wp-json\/wp\/v2\/pages\/5802\/revisions\/5901"}],"wp:attachment":[{"href":"https:\/\/huitm.org\/tr\/wp-json\/wp\/v2\/media?parent=5802"}],"curies":[{"name":"wp","href":"https:\/\/api.w.org\/{rel}","templated":true}]}}