{"id":5778,"date":"2026-02-18T00:13:00","date_gmt":"2026-02-18T00:13:00","guid":{"rendered":"https:\/\/huitm.org\/fuarlar\/kazakistan\/"},"modified":"2026-03-27T05:44:57","modified_gmt":"2026-03-27T05:44:57","slug":"kazakistan","status":"publish","type":"page","link":"https:\/\/huitm.org\/tr\/fuarlar\/kazakistan\/","title":{"rendered":"Kazakistan"},"content":{"rendered":"\t\t<div data-elementor-type=\"wp-page\" data-elementor-id=\"5778\" class=\"elementor elementor-5778 elementor-554\" data-elementor-post-type=\"page\">\n\t\t\t\t<div class=\"elementor-element elementor-element-ae3ddb0 e-flex e-con-boxed e-con e-parent\" data-id=\"ae3ddb0\" data-element_type=\"container\" data-e-type=\"container\" data-settings=\"{&quot;background_background&quot;:&quot;classic&quot;}\">\n\t\t\t\t\t<div class=\"e-con-inner\">\n\t\t\t\t<div class=\"elementor-element elementor-element-020ea48 elementor-widget elementor-widget-heading\" data-id=\"020ea48\" data-element_type=\"widget\" data-e-type=\"widget\" data-widget_type=\"heading.default\">\n\t\t\t\t\t<h2 class=\"elementor-heading-title elementor-size-default\">HUITM Kazakistan Fuarlar\u0131<\/h2>\t\t\t\t<\/div>\n\t\t\t\t<div class=\"elementor-element elementor-element-dcf02a0 elementor-widget elementor-widget-text-editor\" data-id=\"dcf02a0\" data-element_type=\"widget\" data-e-type=\"widget\" data-widget_type=\"text-editor.default\">\n\t\t\t\t\t\t\t\t\t<p>Kazakistan&#8217;da d\u00fczenlenen ge\u00e7mi\u015f uluslararas\u0131 Umre Art\u0131 fuarlar\u0131<\/p>\t\t\t\t\t\t\t\t<\/div>\n\t\t<div class=\"elementor-element elementor-element-f31df16 e-con-full e-flex e-con e-child\" data-id=\"f31df16\" data-element_type=\"container\" data-e-type=\"container\">\n\t\t\t\t<div class=\"elementor-element elementor-element-025e079 elementor-widget elementor-widget-text-editor\" data-id=\"025e079\" data-element_type=\"widget\" data-e-type=\"widget\" data-widget_type=\"text-editor.default\">\n\t\t\t\t\t\t\t\t\t<p>\u0130lk etkinlik yak\u0131nda d\u00fczenlenecektir. Etkinlikten sonra foto\u011fraf, video ve \u00f6ne \u00e7\u0131kanlar burada yay\u0131nlanacakt\u0131r.<\/p>\t\t\t\t\t\t\t\t<\/div>\n\t\t\t\t<\/div>\n\t\t\t\t\t<\/div>\n\t\t\t\t<\/div>\n\t\t\t\t<\/div>\n\t\t","protected":false},"excerpt":{"rendered":"<p>HUITM Kazakistan Fuarlar\u0131 Kazakistan&#8217;da d\u00fczenlenen ge\u00e7mi\u015f uluslararas\u0131 Umre Art\u0131 fuarlar\u0131 \u0130lk etkinlik yak\u0131nda d\u00fczenlenecektir. Etkinlikten sonra foto\u011fraf, video ve \u00f6ne [&hellip;]<\/p>\n","protected":false},"author":1,"featured_media":0,"parent":5660,"menu_order":0,"comment_status":"closed","ping_status":"closed","template":"elementor_header_footer","meta":{"site-sidebar-layout":"no-sidebar","site-content-layout":"","ast-site-content-layout":"full-width-container","site-content-style":"default","site-sidebar-style":"default","ast-global-header-display":"","ast-banner-title-visibility":"","ast-main-header-display":"","ast-hfb-above-header-display":"","ast-hfb-below-header-display":"","ast-hfb-mobile-header-display":"","site-post-title":"","ast-breadcrumbs-content":"","ast-featured-img":"disabled","footer-sml-layout":"","ast-disable-related-posts":"","theme-transparent-header-meta":"","adv-header-id-meta":"","stick-header-meta":"","header-above-stick-meta":"","header-main-stick-meta":"","header-below-stick-meta":"","astra-migrate-meta-layouts":"default","ast-page-background-enabled":"default","ast-page-background-meta":{"desktop":{"background-color":"var(--ast-global-color-5)","background-image":"","background-repeat":"repeat","background-position":"center center","background-size":"auto","background-attachment":"scroll","background-type":"","background-media":"","overlay-type":"","overlay-color":"","overlay-opacity":"","overlay-gradient":""},"tablet":{"background-color":"","background-image":"","background-repeat":"repeat","background-position":"center center","background-size":"auto","background-attachment":"scroll","background-type":"","background-media":"","overlay-type":"","overlay-color":"","overlay-opacity":"","overlay-gradient":""},"mobile":{"background-color":"","background-image":"","background-repeat":"repeat","background-position":"center center","background-size":"auto","background-attachment":"scroll","background-type":"","background-media":"","overlay-type":"","overlay-color":"","overlay-opacity":"","overlay-gradient":""}},"ast-content-background-meta":{"desktop":{"background-color":"var(--ast-global-color-4)","background-image":"","background-repeat":"repeat","background-position":"center center","background-size":"auto","background-attachment":"scroll","background-type":"","background-media":"","overlay-type":"","overlay-color":"","overlay-opacity":"","overlay-gradient":""},"tablet":{"background-color":"var(--ast-global-color-4)","background-image":"","background-repeat":"repeat","background-position":"center center","background-size":"auto","background-attachment":"scroll","background-type":"","background-media":"","overlay-type":"","overlay-color":"","overlay-opacity":"","overlay-gradient":""},"mobile":{"background-color":"var(--ast-global-color-4)","background-image":"","background-repeat":"repeat","background-position":"center center","background-size":"auto","background-attachment":"scroll","background-type":"","background-media":"","overlay-type":"","overlay-color":"","overlay-opacity":"","overlay-gradient":""}},"footnotes":""},"class_list":["post-5778","page","type-page","status-publish","hentry"],"_hostinger_reach_plugin_has_subscription_block":false,"_hostinger_reach_plugin_is_elementor":false,"_links":{"self":[{"href":"https:\/\/huitm.org\/tr\/wp-json\/wp\/v2\/pages\/5778","targetHints":{"allow":["GET"]}}],"collection":[{"href":"https:\/\/huitm.org\/tr\/wp-json\/wp\/v2\/pages"}],"about":[{"href":"https:\/\/huitm.org\/tr\/wp-json\/wp\/v2\/types\/page"}],"author":[{"embeddable":true,"href":"https:\/\/huitm.org\/tr\/wp-json\/wp\/v2\/users\/1"}],"replies":[{"embeddable":true,"href":"https:\/\/huitm.org\/tr\/wp-json\/wp\/v2\/comments?post=5778"}],"version-history":[{"count":1,"href":"https:\/\/huitm.org\/tr\/wp-json\/wp\/v2\/pages\/5778\/revisions"}],"predecessor-version":[{"id":5779,"href":"https:\/\/huitm.org\/tr\/wp-json\/wp\/v2\/pages\/5778\/revisions\/5779"}],"up":[{"embeddable":true,"href":"https:\/\/huitm.org\/tr\/wp-json\/wp\/v2\/pages\/5660"}],"wp:attachment":[{"href":"https:\/\/huitm.org\/tr\/wp-json\/wp\/v2\/media?parent=5778"}],"curies":[{"name":"wp","href":"https:\/\/api.w.org\/{rel}","templated":true}]}}