{"id":5646,"date":"2026-02-17T00:34:00","date_gmt":"2026-02-17T00:34:00","guid":{"rendered":"https:\/\/huitm.org\/fas-yaklasan-etkinlikler\/"},"modified":"2026-03-28T12:29:43","modified_gmt":"2026-03-28T12:29:43","slug":"fas-yaklasan-etkinlikler","status":"publish","type":"page","link":"https:\/\/huitm.org\/tr\/yaklasan-etkinlikler\/fas-yaklasan-etkinlikler\/","title":{"rendered":"Fas &#8211; Yakla\u015fan Etkinlikler"},"content":{"rendered":"\t\t<div data-elementor-type=\"wp-page\" data-elementor-id=\"5646\" class=\"elementor elementor-5646 elementor-495\" data-elementor-post-type=\"page\">\n\t\t\t\t<div class=\"elementor-element elementor-element-6f7b44f e-con-full e-flex e-con e-parent\" data-id=\"6f7b44f\" data-element_type=\"container\" data-e-type=\"container\" data-settings=\"{&quot;background_background&quot;:&quot;classic&quot;}\">\n\t\t\t\t<div class=\"elementor-element elementor-element-259fb1c elementor-widget elementor-widget-heading\" data-id=\"259fb1c\" data-element_type=\"widget\" data-e-type=\"widget\" data-widget_type=\"heading.default\">\n\t\t\t\t\t<h2 class=\"elementor-heading-title elementor-size-default\">HUITM Fas 2026<\/h2>\t\t\t\t<\/div>\n\t\t\t\t<div class=\"elementor-element elementor-element-eee1ca5 elementor-widget elementor-widget-text-editor\" data-id=\"eee1ca5\" data-element_type=\"widget\" data-e-type=\"widget\" data-widget_type=\"text-editor.default\">\n\t\t\t\t\t\t\t\t\t<p>Fas&#8217;ta k\u00fcresel sekt\u00f6r ortaklar\u0131n\u0131 bir araya getiren yakla\u015fan uluslararas\u0131 Umre Art\u0131 fuar\u0131.<\/p>\t\t\t\t\t\t\t\t<\/div>\n\t\t\t\t<div class=\"elementor-element elementor-element-2badede elementor-align-center elementor-widget elementor-widget-button\" data-id=\"2badede\" data-element_type=\"widget\" data-e-type=\"widget\" data-widget_type=\"button.default\">\n\t\t\t\t\t\t\t\t\t\t<a class=\"elementor-button elementor-button-link elementor-size-sm\" href=\"https:\/\/huitm.org\/wp-content\/uploads\/2026\/03\/Morocco-Event-Details.pdf\" download=\"\">\n\t\t\t\t\t\t<span class=\"elementor-button-content-wrapper\">\n\t\t\t\t\t\t\t\t\t<span class=\"elementor-button-text\">Yakla\u015fan Fas Etkinli\u011fini \u0130ndir (PDF)<\/span>\n\t\t\t\t\t<\/span>\n\t\t\t\t\t<\/a>\n\t\t\t\t\t\t\t\t<\/div>\n\t\t<div class=\"elementor-element elementor-element-d70278a e-flex e-con-boxed e-con e-child\" data-id=\"d70278a\" data-element_type=\"container\" data-e-type=\"container\">\n\t\t\t\t\t<div class=\"e-con-inner\">\n\t\t<div class=\"elementor-element elementor-element-680fa16 e-con-full e-flex e-con e-child\" data-id=\"680fa16\" data-element_type=\"container\" data-e-type=\"container\" data-settings=\"{&quot;background_background&quot;:&quot;gradient&quot;}\">\n\t\t\t\t<div class=\"elementor-element elementor-element-4e22ca8 elementor-widget elementor-widget-heading\" data-id=\"4e22ca8\" data-element_type=\"widget\" data-e-type=\"widget\" data-widget_type=\"heading.default\">\n\t\t\t\t\t<h4 class=\"elementor-heading-title elementor-size-default\">Tarih<\/h4>\t\t\t\t<\/div>\n\t\t\t\t<div class=\"elementor-element elementor-element-7485ed2 elementor-widget elementor-widget-text-editor\" data-id=\"7485ed2\" data-element_type=\"widget\" data-e-type=\"widget\" data-widget_type=\"text-editor.default\">\n\t\t\t\t\t\t\t\t\t<p>2 Temmuz 2026<\/p>\t\t\t\t\t\t\t\t<\/div>\n\t\t\t\t<\/div>\n\t\t<div class=\"elementor-element elementor-element-e002ae7 e-con-full e-flex e-con e-child\" data-id=\"e002ae7\" data-element_type=\"container\" data-e-type=\"container\" data-settings=\"{&quot;background_background&quot;:&quot;gradient&quot;}\">\n\t\t\t\t<div class=\"elementor-element elementor-element-01a2bb5 elementor-widget elementor-widget-heading\" data-id=\"01a2bb5\" data-element_type=\"widget\" data-e-type=\"widget\" data-widget_type=\"heading.default\">\n\t\t\t\t\t<h4 class=\"elementor-heading-title elementor-size-default\">Konum<\/h4>\t\t\t\t<\/div>\n\t\t\t\t<div class=\"elementor-element elementor-element-580c89a elementor-widget elementor-widget-text-editor\" data-id=\"580c89a\" data-element_type=\"widget\" data-e-type=\"widget\" data-widget_type=\"text-editor.default\">\n\t\t\t\t\t\t\t\t\t<p>Kazablanka, Fas<\/p>\t\t\t\t\t\t\t\t<\/div>\n\t\t\t\t<\/div>\n\t\t<div class=\"elementor-element elementor-element-29f50ab e-con-full e-flex e-con e-child\" data-id=\"29f50ab\" data-element_type=\"container\" data-e-type=\"container\" data-settings=\"{&quot;background_background&quot;:&quot;gradient&quot;}\">\n\t\t\t\t<div class=\"elementor-element elementor-element-c423203 elementor-widget elementor-widget-heading\" data-id=\"c423203\" data-element_type=\"widget\" data-e-type=\"widget\" data-widget_type=\"heading.default\">\n\t\t\t\t\t<h4 class=\"elementor-heading-title elementor-size-default\">Mekan<\/h4>\t\t\t\t<\/div>\n\t\t\t\t<div class=\"elementor-element elementor-element-751a427 elementor-widget elementor-widget-text-editor\" data-id=\"751a427\" data-element_type=\"widget\" data-e-type=\"widget\" data-widget_type=\"text-editor.default\">\n\t\t\t\t\t\t\t\t\t<p>Four Seasons Otel <\/p>\t\t\t\t\t\t\t\t<\/div>\n\t\t\t\t<\/div>\n\t\t\t\t\t<\/div>\n\t\t\t\t<\/div>\n\t\t\t\t<\/div>\n\t\t<div class=\"elementor-element elementor-element-283acb0 e-con-full e-flex e-con e-parent\" data-id=\"283acb0\" data-element_type=\"container\" data-e-type=\"container\" data-settings=\"{&quot;background_background&quot;:&quot;classic&quot;}\">\n\t\t\t\t<div class=\"elementor-element elementor-element-38c58a4 elementor-widget elementor-widget-heading\" data-id=\"38c58a4\" data-element_type=\"widget\" data-e-type=\"widget\" data-widget_type=\"heading.default\">\n\t\t\t\t\t<h2 class=\"elementor-heading-title elementor-size-default\">Etkinlik Bilgileri<\/h2>\t\t\t\t<\/div>\n\t\t\t\t<\/div>\n\t\t<div class=\"elementor-element elementor-element-b06ef38 e-flex e-con-boxed e-con e-parent\" data-id=\"b06ef38\" data-element_type=\"container\" data-e-type=\"container\" data-settings=\"{&quot;background_background&quot;:&quot;classic&quot;}\">\n\t\t\t\t\t<div class=\"e-con-inner\">\n\t\t\t\t<div class=\"elementor-element elementor-element-938bee5 eael-fg-hoverer-content-align-left elementor-widget elementor-widget-eael-filterable-gallery\" data-id=\"938bee5\" data-element_type=\"widget\" data-e-type=\"widget\" data-settings=\"{&quot;photo_gallery&quot;:&quot;yes&quot;,&quot;pagination&quot;:&quot;false&quot;}\" data-widget_type=\"eael-filterable-gallery.default\">\n\t\t\t\t\t<style id=\"eael-fg-inline-css-938bee5\">@media only screen and (max-width: 2399px) {\n\t\t\t\t\t.elementor-element.elementor-element-938bee5 .eael-filterable-gallery-item-wrap {\n\t\t\t\t\t        width: 33.333333333333%;\n\t\t\t\t\t    }\n\t\t\t\t\t}@media only screen and (max-width: 1024px) {\n\t\t\t\t\t.elementor-element.elementor-element-938bee5  .eael-filterable-gallery-item-wrap {\n\t\t\t\t\t        width: 50%;\n\t\t\t\t\t    }\n\t\t\t\t\t}@media only screen and (max-width: 767px) {\n\t\t\t\t\t.elementor-element.elementor-element-938bee5  .eael-filterable-gallery-item-wrap {\n\t\t\t\t\t        width: 100%;\n\t\t\t\t\t    }\n\t\t\t\t\t}<\/style>        <div id=\"eael-filter-gallery-wrapper-938bee5\" class=\"eael-filter-gallery-wrapper\" data-layout-mode=\"hoverer\" data-breakpoints=\"{&quot;mobile&quot;:{&quot;label&quot;:&quot;Mobile Portrait&quot;,&quot;value&quot;:767,&quot;default_value&quot;:767,&quot;direction&quot;:&quot;max&quot;,&quot;is_enabled&quot;:true},&quot;mobile_extra&quot;:{&quot;label&quot;:&quot;Mobile Landscape&quot;,&quot;value&quot;:880,&quot;default_value&quot;:880,&quot;direction&quot;:&quot;max&quot;,&quot;is_enabled&quot;:false},&quot;tablet&quot;:{&quot;label&quot;:&quot;Tablet Portrait&quot;,&quot;value&quot;:1024,&quot;default_value&quot;:1024,&quot;direction&quot;:&quot;max&quot;,&quot;is_enabled&quot;:true},&quot;tablet_extra&quot;:{&quot;label&quot;:&quot;Tablet Landscape&quot;,&quot;value&quot;:1200,&quot;default_value&quot;:1200,&quot;direction&quot;:&quot;max&quot;,&quot;is_enabled&quot;:false},&quot;laptop&quot;:{&quot;label&quot;:&quot;Laptop&quot;,&quot;value&quot;:1366,&quot;default_value&quot;:1366,&quot;direction&quot;:&quot;max&quot;,&quot;is_enabled&quot;:false},&quot;widescreen&quot;:{&quot;label&quot;:&quot;Widescreen&quot;,&quot;value&quot;:2400,&quot;default_value&quot;:2400,&quot;direction&quot;:&quot;min&quot;,&quot;is_enabled&quot;:false}}\" data-default_control_key=\"0\" data-custom_default_control=\"1\">\n                    <div class=\"eael-filter-gallery-container eael-filter-gallery-grid\" data-images-per-page=\"\" data-total-gallery-items=\"5\" data-nomore-item-text=\"\" data-is-randomize=\"no\" data-settings=\"{&quot;grid_style&quot;:&quot;grid&quot;,&quot;popup&quot;:&quot;buttons&quot;,&quot;duration&quot;:500,&quot;gallery_enabled&quot;:&quot;yes&quot;,&quot;video_gallery_yt_privacy&quot;:&quot;&quot;,&quot;control_all_text&quot;:null,&quot;post_id&quot;:5646,&quot;widget_id&quot;:&quot;938bee5&quot;}\" data-search-all=\"\" data-gallery-items=\"WyI8ZGl2IGNsYXNzPVwiZWFlbC1maWx0ZXJhYmxlLWdhbGxlcnktaXRlbS13cmFwXCI+XG5cdFx0XHRcdDxkaXYgY2xhc3M9XCJlYWVsLWdhbGxlcnktZ3JpZC1pdGVtXCI+PGEgYXJlYS1oaWRkZW49XCJ0cnVlXCIgaHJlZj1cImh0dHBzOlwvXC9odWl0bS5vcmdcL3dwLWNvbnRlbnRcL3VwbG9hZHNcLzIwMjZcLzAzXC8yNS5qcGdcIiBjbGFzcz1cImVhZWwtbWFnbmlmaWMtbGluayBlYWVsLW1hZ25pZmljLWxpbmstY2xvbmUgYWN0aXZlIG1lZGlhLWNvbnRlbnQtd3JhcCBhY3RpdmVcIiBkYXRhLWVsZW1lbnRvci1vcGVuLWxpZ2h0Ym94PVwieWVzXCIgdGl0bGU9XCJcIj48ZGl2IGNsYXNzPVwiZ2FsbGVyeS1pdGVtLXRodW1ibmFpbC13cmFwXCI+PGltZyB3aWR0aD1cIjIwMDBcIiBoZWlnaHQ9XCIxNDE0XCIgc3JjPVwiaHR0cHM6XC9cL2h1aXRtLm9yZ1wvd3AtY29udGVudFwvdXBsb2Fkc1wvMjAyNlwvMDNcLzI1LmpwZ1wiIGNsYXNzPVwiYXR0YWNobWVudC1mdWxsIHNpemUtZnVsbCB3cC1pbWFnZS0yNDA3XCIgYWx0PVwiXCIgc3Jjc2V0PVwiaHR0cHM6XC9cL2h1aXRtLm9yZ1wvd3AtY29udGVudFwvdXBsb2Fkc1wvMjAyNlwvMDNcLzI1LmpwZyAyMDAwdywgaHR0cHM6XC9cL2h1aXRtLm9yZ1wvd3AtY29udGVudFwvdXBsb2Fkc1wvMjAyNlwvMDNcLzI1LTMwMHgyMTIuanBnIDMwMHcsIGh0dHBzOlwvXC9odWl0bS5vcmdcL3dwLWNvbnRlbnRcL3VwbG9hZHNcLzIwMjZcLzAzXC8yNS0xMDI0eDcyNC5qcGcgMTAyNHcsIGh0dHBzOlwvXC9odWl0bS5vcmdcL3dwLWNvbnRlbnRcL3VwbG9hZHNcLzIwMjZcLzAzXC8yNS03Njh4NTQzLmpwZyA3Njh3LCBodHRwczpcL1wvaHVpdG0ub3JnXC93cC1jb250ZW50XC91cGxvYWRzXC8yMDI2XC8wM1wvMjUtMTUzNngxMDg2LmpwZyAxNTM2d1wiIHNpemVzPVwiKG1heC13aWR0aDogMjAwMHB4KSAxMDB2dywgMjAwMHB4XCIgXC8+PFwvZGl2PjxkaXYgY2xhc3M9XCJnYWxsZXJ5LWl0ZW0tY2FwdGlvbi13cmFwIGNhcHRpb24tc3R5bGUtaG92ZXJlciBlYWVsLXNsaWRlLXVwXCI+PGRpdiBjbGFzcz1cImdhbGxlcnktaXRlbS1ob3ZlcmVyLWJnXCI+PFwvZGl2PjxkaXYgY2xhc3M9XCJnYWxsZXJ5LWl0ZW0tY2FwdGlvbi1vdmVyXCI+PFwvZGl2PjxcL2Rpdj48XC9hPjxcL2Rpdj48XC9kaXY+IiwiPGRpdiBjbGFzcz1cImVhZWwtZmlsdGVyYWJsZS1nYWxsZXJ5LWl0ZW0td3JhcFwiPlxuXHRcdFx0XHQ8ZGl2IGNsYXNzPVwiZWFlbC1nYWxsZXJ5LWdyaWQtaXRlbVwiPjxhIGFyZWEtaGlkZGVuPVwidHJ1ZVwiIGhyZWY9XCJodHRwczpcL1wvaHVpdG0ub3JnXC93cC1jb250ZW50XC91cGxvYWRzXC8yMDI2XC8wM1wvMjYuanBnXCIgY2xhc3M9XCJlYWVsLW1hZ25pZmljLWxpbmsgZWFlbC1tYWduaWZpYy1saW5rLWNsb25lIGFjdGl2ZSBtZWRpYS1jb250ZW50LXdyYXAgYWN0aXZlXCIgZGF0YS1lbGVtZW50b3Itb3Blbi1saWdodGJveD1cInllc1wiIHRpdGxlPVwiXCI+PGRpdiBjbGFzcz1cImdhbGxlcnktaXRlbS10aHVtYm5haWwtd3JhcFwiPjxpbWcgd2lkdGg9XCIyMDAwXCIgaGVpZ2h0PVwiMTQxNFwiIHNyYz1cImh0dHBzOlwvXC9odWl0bS5vcmdcL3dwLWNvbnRlbnRcL3VwbG9hZHNcLzIwMjZcLzAzXC8yNi5qcGdcIiBjbGFzcz1cImF0dGFjaG1lbnQtZnVsbCBzaXplLWZ1bGwgd3AtaW1hZ2UtMjQwOFwiIGFsdD1cIlwiIHNyY3NldD1cImh0dHBzOlwvXC9odWl0bS5vcmdcL3dwLWNvbnRlbnRcL3VwbG9hZHNcLzIwMjZcLzAzXC8yNi5qcGcgMjAwMHcsIGh0dHBzOlwvXC9odWl0bS5vcmdcL3dwLWNvbnRlbnRcL3VwbG9hZHNcLzIwMjZcLzAzXC8yNi0zMDB4MjEyLmpwZyAzMDB3LCBodHRwczpcL1wvaHVpdG0ub3JnXC93cC1jb250ZW50XC91cGxvYWRzXC8yMDI2XC8wM1wvMjYtMTAyNHg3MjQuanBnIDEwMjR3LCBodHRwczpcL1wvaHVpdG0ub3JnXC93cC1jb250ZW50XC91cGxvYWRzXC8yMDI2XC8wM1wvMjYtNzY4eDU0My5qcGcgNzY4dywgaHR0cHM6XC9cL2h1aXRtLm9yZ1wvd3AtY29udGVudFwvdXBsb2Fkc1wvMjAyNlwvMDNcLzI2LTE1MzZ4MTA4Ni5qcGcgMTUzNndcIiBzaXplcz1cIihtYXgtd2lkdGg6IDIwMDBweCkgMTAwdncsIDIwMDBweFwiIFwvPjxcL2Rpdj48ZGl2IGNsYXNzPVwiZ2FsbGVyeS1pdGVtLWNhcHRpb24td3JhcCBjYXB0aW9uLXN0eWxlLWhvdmVyZXIgZWFlbC1zbGlkZS11cFwiPjxkaXYgY2xhc3M9XCJnYWxsZXJ5LWl0ZW0taG92ZXJlci1iZ1wiPjxcL2Rpdj48ZGl2IGNsYXNzPVwiZ2FsbGVyeS1pdGVtLWNhcHRpb24tb3ZlclwiPjxcL2Rpdj48XC9kaXY+PFwvYT48XC9kaXY+PFwvZGl2PiIsIjxkaXYgY2xhc3M9XCJlYWVsLWZpbHRlcmFibGUtZ2FsbGVyeS1pdGVtLXdyYXBcIj5cblx0XHRcdFx0PGRpdiBjbGFzcz1cImVhZWwtZ2FsbGVyeS1ncmlkLWl0ZW1cIj48YSBhcmVhLWhpZGRlbj1cInRydWVcIiBocmVmPVwiaHR0cHM6XC9cL2h1aXRtLm9yZ1wvd3AtY29udGVudFwvdXBsb2Fkc1wvMjAyNlwvMDNcLzI3LmpwZ1wiIGNsYXNzPVwiZWFlbC1tYWduaWZpYy1saW5rIGVhZWwtbWFnbmlmaWMtbGluay1jbG9uZSBhY3RpdmUgbWVkaWEtY29udGVudC13cmFwIGFjdGl2ZVwiIGRhdGEtZWxlbWVudG9yLW9wZW4tbGlnaHRib3g9XCJ5ZXNcIiB0aXRsZT1cIlwiPjxkaXYgY2xhc3M9XCJnYWxsZXJ5LWl0ZW0tdGh1bWJuYWlsLXdyYXBcIj48aW1nIHdpZHRoPVwiMjAwMFwiIGhlaWdodD1cIjE0MTRcIiBzcmM9XCJodHRwczpcL1wvaHVpdG0ub3JnXC93cC1jb250ZW50XC91cGxvYWRzXC8yMDI2XC8wM1wvMjcuanBnXCIgY2xhc3M9XCJhdHRhY2htZW50LWZ1bGwgc2l6ZS1mdWxsIHdwLWltYWdlLTI0MDlcIiBhbHQ9XCJcIiBzcmNzZXQ9XCJodHRwczpcL1wvaHVpdG0ub3JnXC93cC1jb250ZW50XC91cGxvYWRzXC8yMDI2XC8wM1wvMjcuanBnIDIwMDB3LCBodHRwczpcL1wvaHVpdG0ub3JnXC93cC1jb250ZW50XC91cGxvYWRzXC8yMDI2XC8wM1wvMjctMzAweDIxMi5qcGcgMzAwdywgaHR0cHM6XC9cL2h1aXRtLm9yZ1wvd3AtY29udGVudFwvdXBsb2Fkc1wvMjAyNlwvMDNcLzI3LTEwMjR4NzI0LmpwZyAxMDI0dywgaHR0cHM6XC9cL2h1aXRtLm9yZ1wvd3AtY29udGVudFwvdXBsb2Fkc1wvMjAyNlwvMDNcLzI3LTc2OHg1NDMuanBnIDc2OHcsIGh0dHBzOlwvXC9odWl0bS5vcmdcL3dwLWNvbnRlbnRcL3VwbG9hZHNcLzIwMjZcLzAzXC8yNy0xNTM2eDEwODYuanBnIDE1MzZ3XCIgc2l6ZXM9XCIobWF4LXdpZHRoOiAyMDAwcHgpIDEwMHZ3LCAyMDAwcHhcIiBcLz48XC9kaXY+PGRpdiBjbGFzcz1cImdhbGxlcnktaXRlbS1jYXB0aW9uLXdyYXAgY2FwdGlvbi1zdHlsZS1ob3ZlcmVyIGVhZWwtc2xpZGUtdXBcIj48ZGl2IGNsYXNzPVwiZ2FsbGVyeS1pdGVtLWhvdmVyZXItYmdcIj48XC9kaXY+PGRpdiBjbGFzcz1cImdhbGxlcnktaXRlbS1jYXB0aW9uLW92ZXJcIj48ZGl2IGNsYXNzPVwiZmctaXRlbS1jb250ZW50XCI+PHA+TG9yZW0gaXBzdW0gZG9sb3Igc2l0IGFtZXQsIGNvbnNlY3RldHVyIGFkaXBpc2ljaW5nIGVsaXQuIFF1aWRlbSwgcHJvdmlkZW50LjxcL3A+XG48XC9kaXY+PFwvZGl2PjxcL2Rpdj48XC9hPjxcL2Rpdj48XC9kaXY+IiwiPGRpdiBjbGFzcz1cImVhZWwtZmlsdGVyYWJsZS1nYWxsZXJ5LWl0ZW0td3JhcFwiPlxuXHRcdFx0XHQ8ZGl2IGNsYXNzPVwiZWFlbC1nYWxsZXJ5LWdyaWQtaXRlbVwiPjxhIGFyZWEtaGlkZGVuPVwidHJ1ZVwiIGhyZWY9XCJodHRwczpcL1wvaHVpdG0ub3JnXC93cC1jb250ZW50XC91cGxvYWRzXC8yMDI2XC8wM1wvMjkuanBnXCIgY2xhc3M9XCJlYWVsLW1hZ25pZmljLWxpbmsgZWFlbC1tYWduaWZpYy1saW5rLWNsb25lIGFjdGl2ZSBtZWRpYS1jb250ZW50LXdyYXAgYWN0aXZlXCIgZGF0YS1lbGVtZW50b3Itb3Blbi1saWdodGJveD1cInllc1wiIHRpdGxlPVwiXCI+PGRpdiBjbGFzcz1cImdhbGxlcnktaXRlbS10aHVtYm5haWwtd3JhcFwiPjxpbWcgd2lkdGg9XCIyMDAwXCIgaGVpZ2h0PVwiMTQxNFwiIHNyYz1cImh0dHBzOlwvXC9odWl0bS5vcmdcL3dwLWNvbnRlbnRcL3VwbG9hZHNcLzIwMjZcLzAzXC8yOS5qcGdcIiBjbGFzcz1cImF0dGFjaG1lbnQtZnVsbCBzaXplLWZ1bGwgd3AtaW1hZ2UtMjQxMFwiIGFsdD1cIlwiIHNyY3NldD1cImh0dHBzOlwvXC9odWl0bS5vcmdcL3dwLWNvbnRlbnRcL3VwbG9hZHNcLzIwMjZcLzAzXC8yOS5qcGcgMjAwMHcsIGh0dHBzOlwvXC9odWl0bS5vcmdcL3dwLWNvbnRlbnRcL3VwbG9hZHNcLzIwMjZcLzAzXC8yOS0zMDB4MjEyLmpwZyAzMDB3LCBodHRwczpcL1wvaHVpdG0ub3JnXC93cC1jb250ZW50XC91cGxvYWRzXC8yMDI2XC8wM1wvMjktMTAyNHg3MjQuanBnIDEwMjR3LCBodHRwczpcL1wvaHVpdG0ub3JnXC93cC1jb250ZW50XC91cGxvYWRzXC8yMDI2XC8wM1wvMjktNzY4eDU0My5qcGcgNzY4dywgaHR0cHM6XC9cL2h1aXRtLm9yZ1wvd3AtY29udGVudFwvdXBsb2Fkc1wvMjAyNlwvMDNcLzI5LTE1MzZ4MTA4Ni5qcGcgMTUzNndcIiBzaXplcz1cIihtYXgtd2lkdGg6IDIwMDBweCkgMTAwdncsIDIwMDBweFwiIFwvPjxcL2Rpdj48ZGl2IGNsYXNzPVwiZ2FsbGVyeS1pdGVtLWNhcHRpb24td3JhcCBjYXB0aW9uLXN0eWxlLWhvdmVyZXIgZWFlbC1zbGlkZS11cFwiPjxkaXYgY2xhc3M9XCJnYWxsZXJ5LWl0ZW0taG92ZXJlci1iZ1wiPjxcL2Rpdj48ZGl2IGNsYXNzPVwiZ2FsbGVyeS1pdGVtLWNhcHRpb24tb3ZlclwiPjxcL2Rpdj48XC9kaXY+PFwvYT48XC9kaXY+PFwvZGl2PiIsIjxkaXYgY2xhc3M9XCJlYWVsLWZpbHRlcmFibGUtZ2FsbGVyeS1pdGVtLXdyYXBcIj5cblx0XHRcdFx0PGRpdiBjbGFzcz1cImVhZWwtZ2FsbGVyeS1ncmlkLWl0ZW1cIj48YSBhcmVhLWhpZGRlbj1cInRydWVcIiBocmVmPVwiaHR0cHM6XC9cL2h1aXRtLm9yZ1wvd3AtY29udGVudFwvcGx1Z2luc1wvZXNzZW50aWFsLWFkZG9ucy1mb3ItZWxlbWVudG9yLWxpdGVcL1wvYXNzZXRzXC9mcm9udC1lbmRcL2ltZ1wvZWFlbC1kZWZhdWx0LXBsYWNlaG9sZGVyLnBuZ1wiIGNsYXNzPVwiZWFlbC1tYWduaWZpYy1saW5rIGVhZWwtbWFnbmlmaWMtbGluay1jbG9uZSBhY3RpdmUgbWVkaWEtY29udGVudC13cmFwIGFjdGl2ZVwiIGRhdGEtZWxlbWVudG9yLW9wZW4tbGlnaHRib3g9XCJ5ZXNcIiB0aXRsZT1cIlwiPjxkaXYgY2xhc3M9XCJnYWxsZXJ5LWl0ZW0tdGh1bWJuYWlsLXdyYXBcIj48aW1nIHNyYz1cImh0dHBzOlwvXC9odWl0bS5vcmdcL3dwLWNvbnRlbnRcL3BsdWdpbnNcL2Vzc2VudGlhbC1hZGRvbnMtZm9yLWVsZW1lbnRvci1saXRlXC9cL2Fzc2V0c1wvZnJvbnQtZW5kXC9pbWdcL2VhZWwtZGVmYXVsdC1wbGFjZWhvbGRlci5wbmdcIiBkYXRhLWxhenktc3JjPVwiaHR0cHM6XC9cL2h1aXRtLm9yZ1wvd3AtY29udGVudFwvcGx1Z2luc1wvZXNzZW50aWFsLWFkZG9ucy1mb3ItZWxlbWVudG9yLWxpdGVcL1wvYXNzZXRzXC9mcm9udC1lbmRcL2ltZ1wvZWFlbC1kZWZhdWx0LXBsYWNlaG9sZGVyLnBuZ1wiIGFsdD1cIkdhbGVyaSBcdTAwZDZcdTAxMWZlIEFkXHUwMTMxXCIgY2xhc3M9XCJnYWxsZXJ5LWl0ZW0tdGh1bWJuYWlsXCI+PFwvZGl2PjxkaXYgY2xhc3M9XCJnYWxsZXJ5LWl0ZW0tY2FwdGlvbi13cmFwIGNhcHRpb24tc3R5bGUtaG92ZXJlciBlYWVsLXNsaWRlLXVwXCI+PGRpdiBjbGFzcz1cImdhbGxlcnktaXRlbS1ob3ZlcmVyLWJnXCI+PFwvZGl2PjxkaXYgY2xhc3M9XCJnYWxsZXJ5LWl0ZW0tY2FwdGlvbi1vdmVyXCI+PGgyIGNsYXNzPVwiZmctaXRlbS10aXRsZVwiPkdhbGVyaSBcdTAwZDZcdTAxMWZlIEFkXHUwMTMxPFwvaDI+PGRpdiBjbGFzcz1cImZnLWl0ZW0tY29udGVudFwiPjxwPkxvcmVtIGlwc3VtIGRvbG9yIHNpdCBhbWV0LCBjb25zZWN0ZXR1ciBhZGlwaXNpY2luZyBlbGl0LiBRdWlkZW0sIHByb3ZpZGVudC48XC9wPlxuPFwvZGl2PjxcL2Rpdj48XC9kaXY+PFwvYT48XC9kaXY+PFwvZGl2PiJd\" data-init-show=\"4\">\n            <div class=\"eael-filterable-gallery-item-wrap\">\n\t\t\t\t<div class=\"eael-gallery-grid-item\"><a area-hidden=\"true\" href=\"https:\/\/huitm.org\/wp-content\/uploads\/2026\/03\/25.jpg\" class=\"eael-magnific-link eael-magnific-link-clone active media-content-wrap active\" data-elementor-open-lightbox=\"yes\" title=\"\"><div class=\"gallery-item-thumbnail-wrap\"><img fetchpriority=\"high\" decoding=\"async\" width=\"2000\" height=\"1414\" src=\"https:\/\/huitm.org\/wp-content\/uploads\/2026\/03\/25.jpg\" class=\"attachment-full size-full wp-image-2407\" alt=\"\" srcset=\"https:\/\/huitm.org\/wp-content\/uploads\/2026\/03\/25.jpg 2000w, https:\/\/huitm.org\/wp-content\/uploads\/2026\/03\/25-300x212.jpg 300w, https:\/\/huitm.org\/wp-content\/uploads\/2026\/03\/25-1024x724.jpg 1024w, https:\/\/huitm.org\/wp-content\/uploads\/2026\/03\/25-768x543.jpg 768w, https:\/\/huitm.org\/wp-content\/uploads\/2026\/03\/25-1536x1086.jpg 1536w\" sizes=\"(max-width: 2000px) 100vw, 2000px\" \/><\/div><div class=\"gallery-item-caption-wrap caption-style-hoverer eael-slide-up\"><div class=\"gallery-item-hoverer-bg\"><\/div><div class=\"gallery-item-caption-over\"><\/div><\/div><\/a><\/div><\/div><div class=\"eael-filterable-gallery-item-wrap\">\n\t\t\t\t<div class=\"eael-gallery-grid-item\"><a area-hidden=\"true\" href=\"https:\/\/huitm.org\/wp-content\/uploads\/2026\/03\/26.jpg\" class=\"eael-magnific-link eael-magnific-link-clone active media-content-wrap active\" data-elementor-open-lightbox=\"yes\" title=\"\"><div class=\"gallery-item-thumbnail-wrap\"><img decoding=\"async\" width=\"2000\" height=\"1414\" src=\"https:\/\/huitm.org\/wp-content\/uploads\/2026\/03\/26.jpg\" class=\"attachment-full size-full wp-image-2408\" alt=\"\" srcset=\"https:\/\/huitm.org\/wp-content\/uploads\/2026\/03\/26.jpg 2000w, https:\/\/huitm.org\/wp-content\/uploads\/2026\/03\/26-300x212.jpg 300w, https:\/\/huitm.org\/wp-content\/uploads\/2026\/03\/26-1024x724.jpg 1024w, https:\/\/huitm.org\/wp-content\/uploads\/2026\/03\/26-768x543.jpg 768w, https:\/\/huitm.org\/wp-content\/uploads\/2026\/03\/26-1536x1086.jpg 1536w\" sizes=\"(max-width: 2000px) 100vw, 2000px\" \/><\/div><div class=\"gallery-item-caption-wrap caption-style-hoverer eael-slide-up\"><div class=\"gallery-item-hoverer-bg\"><\/div><div class=\"gallery-item-caption-over\"><\/div><\/div><\/a><\/div><\/div><div class=\"eael-filterable-gallery-item-wrap\">\n\t\t\t\t<div class=\"eael-gallery-grid-item\"><a area-hidden=\"true\" href=\"https:\/\/huitm.org\/wp-content\/uploads\/2026\/03\/27.jpg\" class=\"eael-magnific-link eael-magnific-link-clone active media-content-wrap active\" data-elementor-open-lightbox=\"yes\" title=\"\"><div class=\"gallery-item-thumbnail-wrap\"><img decoding=\"async\" width=\"2000\" height=\"1414\" src=\"https:\/\/huitm.org\/wp-content\/uploads\/2026\/03\/27.jpg\" class=\"attachment-full size-full wp-image-2409\" alt=\"\" srcset=\"https:\/\/huitm.org\/wp-content\/uploads\/2026\/03\/27.jpg 2000w, https:\/\/huitm.org\/wp-content\/uploads\/2026\/03\/27-300x212.jpg 300w, https:\/\/huitm.org\/wp-content\/uploads\/2026\/03\/27-1024x724.jpg 1024w, https:\/\/huitm.org\/wp-content\/uploads\/2026\/03\/27-768x543.jpg 768w, https:\/\/huitm.org\/wp-content\/uploads\/2026\/03\/27-1536x1086.jpg 1536w\" sizes=\"(max-width: 2000px) 100vw, 2000px\" \/><\/div><div class=\"gallery-item-caption-wrap caption-style-hoverer eael-slide-up\"><div class=\"gallery-item-hoverer-bg\"><\/div><div class=\"gallery-item-caption-over\"><div class=\"fg-item-content\"><p>Lorem ipsum dolor sit amet, consectetur adipisicing elit. Quidem, provident.<\/p>\n<\/div><\/div><\/div><\/a><\/div><\/div><div class=\"eael-filterable-gallery-item-wrap\">\n\t\t\t\t<div class=\"eael-gallery-grid-item\"><a area-hidden=\"true\" href=\"https:\/\/huitm.org\/wp-content\/uploads\/2026\/03\/29.jpg\" class=\"eael-magnific-link eael-magnific-link-clone active media-content-wrap active\" data-elementor-open-lightbox=\"yes\" title=\"\"><div class=\"gallery-item-thumbnail-wrap\"><img loading=\"lazy\" decoding=\"async\" width=\"2000\" height=\"1414\" src=\"https:\/\/huitm.org\/wp-content\/uploads\/2026\/03\/29.jpg\" class=\"attachment-full size-full wp-image-2410\" alt=\"\" srcset=\"https:\/\/huitm.org\/wp-content\/uploads\/2026\/03\/29.jpg 2000w, https:\/\/huitm.org\/wp-content\/uploads\/2026\/03\/29-300x212.jpg 300w, https:\/\/huitm.org\/wp-content\/uploads\/2026\/03\/29-1024x724.jpg 1024w, https:\/\/huitm.org\/wp-content\/uploads\/2026\/03\/29-768x543.jpg 768w, https:\/\/huitm.org\/wp-content\/uploads\/2026\/03\/29-1536x1086.jpg 1536w\" sizes=\"(max-width: 2000px) 100vw, 2000px\" \/><\/div><div class=\"gallery-item-caption-wrap caption-style-hoverer eael-slide-up\"><div class=\"gallery-item-hoverer-bg\"><\/div><div class=\"gallery-item-caption-over\"><\/div><\/div><\/a><\/div><\/div>        <\/div>\n                <\/div>\n        \n        \t\t\t\t<\/div>\n\t\t\t\t\t<\/div>\n\t\t\t\t<\/div>\n\t\t\t\t<\/div>\n\t\t","protected":false},"excerpt":{"rendered":"<p>HUITM Fas 2026 Fas&#8217;ta k\u00fcresel sekt\u00f6r ortaklar\u0131n\u0131 bir araya getiren yakla\u015fan uluslararas\u0131 Umre Art\u0131 fuar\u0131. Yakla\u015fan Fas Etkinli\u011fini \u0130ndir (PDF) [&hellip;]<\/p>\n","protected":false},"author":1,"featured_media":0,"parent":5862,"menu_order":0,"comment_status":"closed","ping_status":"closed","template":"elementor_header_footer","meta":{"site-sidebar-layout":"no-sidebar","site-content-layout":"","ast-site-content-layout":"full-width-container","site-content-style":"default","site-sidebar-style":"default","ast-global-header-display":"","ast-banner-title-visibility":"","ast-main-header-display":"","ast-hfb-above-header-display":"","ast-hfb-below-header-display":"","ast-hfb-mobile-header-display":"","site-post-title":"","ast-breadcrumbs-content":"","ast-featured-img":"disabled","footer-sml-layout":"","ast-disable-related-posts":"","theme-transparent-header-meta":"","adv-header-id-meta":"","stick-header-meta":"","header-above-stick-meta":"","header-main-stick-meta":"","header-below-stick-meta":"","astra-migrate-meta-layouts":"default","ast-page-background-enabled":"default","ast-page-background-meta":{"desktop":{"background-color":"var(--ast-global-color-5)","background-image":"","background-repeat":"repeat","background-position":"center center","background-size":"auto","background-attachment":"scroll","background-type":"","background-media":"","overlay-type":"","overlay-color":"","overlay-opacity":"","overlay-gradient":""},"tablet":{"background-color":"","background-image":"","background-repeat":"repeat","background-position":"center center","background-size":"auto","background-attachment":"scroll","background-type":"","background-media":"","overlay-type":"","overlay-color":"","overlay-opacity":"","overlay-gradient":""},"mobile":{"background-color":"","background-image":"","background-repeat":"repeat","background-position":"center center","background-size":"auto","background-attachment":"scroll","background-type":"","background-media":"","overlay-type":"","overlay-color":"","overlay-opacity":"","overlay-gradient":""}},"ast-content-background-meta":{"desktop":{"background-color":"var(--ast-global-color-4)","background-image":"","background-repeat":"repeat","background-position":"center center","background-size":"auto","background-attachment":"scroll","background-type":"","background-media":"","overlay-type":"","overlay-color":"","overlay-opacity":"","overlay-gradient":""},"tablet":{"background-color":"var(--ast-global-color-4)","background-image":"","background-repeat":"repeat","background-position":"center center","background-size":"auto","background-attachment":"scroll","background-type":"","background-media":"","overlay-type":"","overlay-color":"","overlay-opacity":"","overlay-gradient":""},"mobile":{"background-color":"var(--ast-global-color-4)","background-image":"","background-repeat":"repeat","background-position":"center center","background-size":"auto","background-attachment":"scroll","background-type":"","background-media":"","overlay-type":"","overlay-color":"","overlay-opacity":"","overlay-gradient":""}},"footnotes":""},"class_list":["post-5646","page","type-page","status-publish","hentry"],"_hostinger_reach_plugin_has_subscription_block":false,"_hostinger_reach_plugin_is_elementor":false,"_links":{"self":[{"href":"https:\/\/huitm.org\/tr\/wp-json\/wp\/v2\/pages\/5646","targetHints":{"allow":["GET"]}}],"collection":[{"href":"https:\/\/huitm.org\/tr\/wp-json\/wp\/v2\/pages"}],"about":[{"href":"https:\/\/huitm.org\/tr\/wp-json\/wp\/v2\/types\/page"}],"author":[{"embeddable":true,"href":"https:\/\/huitm.org\/tr\/wp-json\/wp\/v2\/users\/1"}],"replies":[{"embeddable":true,"href":"https:\/\/huitm.org\/tr\/wp-json\/wp\/v2\/comments?post=5646"}],"version-history":[{"count":2,"href":"https:\/\/huitm.org\/tr\/wp-json\/wp\/v2\/pages\/5646\/revisions"}],"predecessor-version":[{"id":6032,"href":"https:\/\/huitm.org\/tr\/wp-json\/wp\/v2\/pages\/5646\/revisions\/6032"}],"up":[{"embeddable":true,"href":"https:\/\/huitm.org\/tr\/wp-json\/wp\/v2\/pages\/5862"}],"wp:attachment":[{"href":"https:\/\/huitm.org\/tr\/wp-json\/wp\/v2\/media?parent=5646"}],"curies":[{"name":"wp","href":"https:\/\/api.w.org\/{rel}","templated":true}]}}